{"id":1400,"date":"2026-01-05T20:27:24","date_gmt":"2026-01-05T20:27:24","guid":{"rendered":"https:\/\/www.ferro-metal-11.fr\/?page_id=1400"},"modified":"2026-01-25T22:46:20","modified_gmt":"2026-01-25T22:46:20","slug":"galerie","status":"publish","type":"page","link":"https:\/\/www.ferro-metal-11.fr\/index.php\/home\/galerie\/","title":{"rendered":"Galerie"},"content":{"rendered":"\t\t<div data-elementor-type=\"wp-page\" data-elementor-id=\"1400\" class=\"elementor elementor-1400\">\n\t\t\t\t<div class=\"elementor-element elementor-element-654cea4 e-grid e-con-boxed e-con e-parent\" data-id=\"654cea4\" data-element_type=\"container\">\n\t\t\t\t\t<div class=\"e-con-inner\">\n\t\t\t\t<div class=\"elementor-element elementor-element-f5b1804 elementor-widget elementor-widget-image\" data-id=\"f5b1804\" data-element_type=\"widget\" data-widget_type=\"image.default\">\n\t\t\t\t\t\t\t\t\t\t\t\t<figure class=\"wp-caption\">\n\t\t\t\t\t\t\t\t\t\t\t<a href=\"https:\/\/www.ferro-metal-11.fr\/index.php\/escaliers\/\">\n\t\t\t\t\t\t\t<img decoding=\"async\" src=\"https:\/\/www.ferro-metal-11.fr\/wp-content\/uploads\/2026\/01\/20240807_180303-scaled.jpg\" title=\"\" alt=\"Escalier fer forg\u00e9 marches d\u00e9coup\u00e9es\" loading=\"lazy\" \/>\t\t\t\t\t\t\t\t<\/a>\n\t\t\t\t\t\t\t\t\t\t\t<figcaption class=\"widget-image-caption wp-caption-text\">Escaliers<\/figcaption>\n\t\t\t\t\t\t\t\t\t\t<\/figure>\n\t\t\t\t\t\t\t\t\t<\/div>\n\t\t\t\t<div class=\"elementor-element elementor-element-9dcfb91 elementor-widget elementor-widget-image\" data-id=\"9dcfb91\" data-element_type=\"widget\" data-widget_type=\"image.default\">\n\t\t\t\t\t\t\t\t\t\t\t\t<figure class=\"wp-caption\">\n\t\t\t\t\t\t\t\t\t\t\t<a href=\"https:\/\/www.ferro-metal-11.fr\/index.php\/grilles-de-fenetres\/\">\n\t\t\t\t\t\t\t<img fetchpriority=\"high\" decoding=\"async\" width=\"300\" height=\"225\" src=\"https:\/\/www.ferro-metal-11.fr\/wp-content\/uploads\/2026\/01\/20240123_160613-300x225.jpg\" class=\"attachment-medium size-medium wp-image-1641\" alt=\"Appuis de fen\u00eatre forg\u00e9\" srcset=\"https:\/\/www.ferro-metal-11.fr\/wp-content\/uploads\/2026\/01\/20240123_160613-300x225.jpg 300w, https:\/\/www.ferro-metal-11.fr\/wp-content\/uploads\/2026\/01\/20240123_160613-1024x768.jpg 1024w, https:\/\/www.ferro-metal-11.fr\/wp-content\/uploads\/2026\/01\/20240123_160613-768x576.jpg 768w, https:\/\/www.ferro-metal-11.fr\/wp-content\/uploads\/2026\/01\/20240123_160613-1536x1152.jpg 1536w, https:\/\/www.ferro-metal-11.fr\/wp-content\/uploads\/2026\/01\/20240123_160613-2048x1536.jpg 2048w, https:\/\/www.ferro-metal-11.fr\/wp-content\/uploads\/2026\/01\/20240123_160613-1140x855.jpg 1140w\" sizes=\"(max-width: 300px) 100vw, 300px\" \/>\t\t\t\t\t\t\t\t<\/a>\n\t\t\t\t\t\t\t\t\t\t\t<figcaption class=\"widget-image-caption wp-caption-text\">Grilles et appuis de fen\u00eatres<\/figcaption>\n\t\t\t\t\t\t\t\t\t\t<\/figure>\n\t\t\t\t\t\t\t\t\t<\/div>\n\t\t\t\t<div class=\"elementor-element elementor-element-2079404 elementor-widget elementor-widget-image\" data-id=\"2079404\" data-element_type=\"widget\" data-widget_type=\"image.default\">\n\t\t\t\t\t\t\t\t\t\t\t\t<figure class=\"wp-caption\">\n\t\t\t\t\t\t\t\t\t\t\t<a href=\"https:\/\/www.ferro-metal-11.fr\/index.php\/pergolas\/\">\n\t\t\t\t\t\t\t<img decoding=\"async\" width=\"300\" height=\"225\" src=\"https:\/\/www.ferro-metal-11.fr\/wp-content\/uploads\/2026\/01\/20251009_1250301-300x225.jpg\" class=\"attachment-medium size-medium wp-image-1611\" alt=\"Pergola chapeau gendarme\" srcset=\"https:\/\/www.ferro-metal-11.fr\/wp-content\/uploads\/2026\/01\/20251009_1250301-300x225.jpg 300w, https:\/\/www.ferro-metal-11.fr\/wp-content\/uploads\/2026\/01\/20251009_1250301-1024x768.jpg 1024w, https:\/\/www.ferro-metal-11.fr\/wp-content\/uploads\/2026\/01\/20251009_1250301-768x576.jpg 768w, https:\/\/www.ferro-metal-11.fr\/wp-content\/uploads\/2026\/01\/20251009_1250301-1536x1152.jpg 1536w, https:\/\/www.ferro-metal-11.fr\/wp-content\/uploads\/2026\/01\/20251009_1250301-2048x1536.jpg 2048w, https:\/\/www.ferro-metal-11.fr\/wp-content\/uploads\/2026\/01\/20251009_1250301-1140x855.jpg 1140w\" sizes=\"(max-width: 300px) 100vw, 300px\" \/>\t\t\t\t\t\t\t\t<\/a>\n\t\t\t\t\t\t\t\t\t\t\t<figcaption class=\"widget-image-caption wp-caption-text\">Pergolas<\/figcaption>\n\t\t\t\t\t\t\t\t\t\t<\/figure>\n\t\t\t\t\t\t\t\t\t<\/div>\n\t\t\t\t<div class=\"elementor-element elementor-element-7bfc5c0 elementor-widget elementor-widget-image\" data-id=\"7bfc5c0\" data-element_type=\"widget\" data-widget_type=\"image.default\">\n\t\t\t\t\t\t\t\t\t\t\t\t<figure class=\"wp-caption\">\n\t\t\t\t\t\t\t\t\t\t\t<a href=\"https:\/\/www.ferro-metal-11.fr\/index.php\/verrieres\/\">\n\t\t\t\t\t\t\t<img decoding=\"async\" src=\"https:\/\/www.ferro-metal-11.fr\/wp-content\/uploads\/2026\/01\/Ensemble-verriere-et-porte-pour-suite-parentale.jpg\" title=\"\" alt=\"\" loading=\"lazy\" \/>\t\t\t\t\t\t\t\t<\/a>\n\t\t\t\t\t\t\t\t\t\t\t<figcaption class=\"widget-image-caption wp-caption-text\">Portes &amp; Verri\u00e8res<\/figcaption>\n\t\t\t\t\t\t\t\t\t\t<\/figure>\n\t\t\t\t\t\t\t\t\t<\/div>\n\t\t\t\t<div class=\"elementor-element elementor-element-666ff55 elementor-widget elementor-widget-image\" data-id=\"666ff55\" data-element_type=\"widget\" data-widget_type=\"image.default\">\n\t\t\t\t\t\t\t\t\t\t\t\t<figure class=\"wp-caption\">\n\t\t\t\t\t\t\t\t\t\t\t<a href=\"https:\/\/www.ferro-metal-11.fr\/index.php\/mobilier\/\">\n\t\t\t\t\t\t\t<img decoding=\"async\" width=\"300\" height=\"169\" src=\"https:\/\/www.ferro-metal-11.fr\/wp-content\/uploads\/2026\/01\/20230626_194425-300x169.jpg\" class=\"attachment-medium size-medium wp-image-1562\" alt=\"Cr\u00e9ation d&#039;un salon de jardin fer finition aspect rouille 4\" srcset=\"https:\/\/www.ferro-metal-11.fr\/wp-content\/uploads\/2026\/01\/20230626_194425-300x169.jpg 300w, https:\/\/www.ferro-metal-11.fr\/wp-content\/uploads\/2026\/01\/20230626_194425-1024x576.jpg 1024w, https:\/\/www.ferro-metal-11.fr\/wp-content\/uploads\/2026\/01\/20230626_194425-768x432.jpg 768w, https:\/\/www.ferro-metal-11.fr\/wp-content\/uploads\/2026\/01\/20230626_194425-1536x864.jpg 1536w, https:\/\/www.ferro-metal-11.fr\/wp-content\/uploads\/2026\/01\/20230626_194425-2048x1152.jpg 2048w, https:\/\/www.ferro-metal-11.fr\/wp-content\/uploads\/2026\/01\/20230626_194425-1140x641.jpg 1140w\" sizes=\"(max-width: 300px) 100vw, 300px\" \/>\t\t\t\t\t\t\t\t<\/a>\n\t\t\t\t\t\t\t\t\t\t\t<figcaption class=\"widget-image-caption wp-caption-text\">Mobilier<\/figcaption>\n\t\t\t\t\t\t\t\t\t\t<\/figure>\n\t\t\t\t\t\t\t\t\t<\/div>\n\t\t\t\t<div class=\"elementor-element elementor-element-78f86a4 elementor-widget elementor-widget-image\" data-id=\"78f86a4\" data-element_type=\"widget\" data-widget_type=\"image.default\">\n\t\t\t\t\t\t\t\t\t\t\t\t<figure class=\"wp-caption\">\n\t\t\t\t\t\t\t\t\t\t\t<a href=\"https:\/\/www.ferro-metal-11.fr\/index.php\/portails-potillons\/\">\n\t\t\t\t\t\t\t<img loading=\"lazy\" decoding=\"async\" width=\"300\" height=\"169\" src=\"https:\/\/www.ferro-metal-11.fr\/wp-content\/uploads\/2026\/01\/IMG-20250627-WA0000-300x169.jpg\" class=\"attachment-medium size-medium wp-image-1591\" alt=\"Portail fer forg\u00e9 double vantaux barreaud\u00e9 t\u00f4l\u00e9\" srcset=\"https:\/\/www.ferro-metal-11.fr\/wp-content\/uploads\/2026\/01\/IMG-20250627-WA0000-300x169.jpg 300w, https:\/\/www.ferro-metal-11.fr\/wp-content\/uploads\/2026\/01\/IMG-20250627-WA0000-1024x576.jpg 1024w, https:\/\/www.ferro-metal-11.fr\/wp-content\/uploads\/2026\/01\/IMG-20250627-WA0000-768x432.jpg 768w, https:\/\/www.ferro-metal-11.fr\/wp-content\/uploads\/2026\/01\/IMG-20250627-WA0000-1536x864.jpg 1536w, https:\/\/www.ferro-metal-11.fr\/wp-content\/uploads\/2026\/01\/IMG-20250627-WA0000-1140x641.jpg 1140w, https:\/\/www.ferro-metal-11.fr\/wp-content\/uploads\/2026\/01\/IMG-20250627-WA0000.jpg 1599w\" sizes=\"(max-width: 300px) 100vw, 300px\" \/>\t\t\t\t\t\t\t\t<\/a>\n\t\t\t\t\t\t\t\t\t\t\t<figcaption class=\"widget-image-caption wp-caption-text\">Portails &amp; Portillons<\/figcaption>\n\t\t\t\t\t\t\t\t\t\t<\/figure>\n\t\t\t\t\t\t\t\t\t<\/div>\n\t\t\t\t\t<\/div>\n\t\t\t\t<\/div>\n\t\t<div class=\"elementor-element elementor-element-614e6b5 e-grid e-con-boxed e-con e-parent\" data-id=\"614e6b5\" data-element_type=\"container\">\n\t\t\t\t\t<div class=\"e-con-inner\">\n\t\t\t\t<div class=\"elementor-element elementor-element-a3a1544 elementor-widget elementor-widget-image\" data-id=\"a3a1544\" data-element_type=\"widget\" data-widget_type=\"image.default\">\n\t\t\t\t\t\t\t\t\t\t\t\t<figure class=\"wp-caption\">\n\t\t\t\t\t\t\t\t\t\t\t<a href=\"https:\/\/www.ferro-metal-11.fr\/index.php\/structure-metalliques\/\">\n\t\t\t\t\t\t\t<img loading=\"lazy\" decoding=\"async\" width=\"300\" height=\"200\" src=\"https:\/\/www.ferro-metal-11.fr\/wp-content\/uploads\/2026\/01\/Creation-dune-terrasse-couvre-piscine-3-300x200.jpg\" class=\"attachment-medium size-medium wp-image-1675\" alt=\"\" srcset=\"https:\/\/www.ferro-metal-11.fr\/wp-content\/uploads\/2026\/01\/Creation-dune-terrasse-couvre-piscine-3-300x200.jpg 300w, https:\/\/www.ferro-metal-11.fr\/wp-content\/uploads\/2026\/01\/Creation-dune-terrasse-couvre-piscine-3-1024x683.jpg 1024w, https:\/\/www.ferro-metal-11.fr\/wp-content\/uploads\/2026\/01\/Creation-dune-terrasse-couvre-piscine-3-768x512.jpg 768w, https:\/\/www.ferro-metal-11.fr\/wp-content\/uploads\/2026\/01\/Creation-dune-terrasse-couvre-piscine-3-1140x760.jpg 1140w, https:\/\/www.ferro-metal-11.fr\/wp-content\/uploads\/2026\/01\/Creation-dune-terrasse-couvre-piscine-3.jpg 1200w\" sizes=\"(max-width: 300px) 100vw, 300px\" \/>\t\t\t\t\t\t\t\t<\/a>\n\t\t\t\t\t\t\t\t\t\t\t<figcaption class=\"widget-image-caption wp-caption-text\">Structures m\u00e9talliques<\/figcaption>\n\t\t\t\t\t\t\t\t\t\t<\/figure>\n\t\t\t\t\t\t\t\t\t<\/div>\n\t\t\t\t<div class=\"elementor-element elementor-element-22312cb elementor-widget elementor-widget-image\" data-id=\"22312cb\" data-element_type=\"widget\" data-widget_type=\"image.default\">\n\t\t\t\t\t\t\t\t\t\t\t\t<figure class=\"wp-caption\">\n\t\t\t\t\t\t\t\t\t\t\t<a href=\"https:\/\/www.ferro-metal-11.fr\/index.php\/inox\/\">\n\t\t\t\t\t\t\t<img loading=\"lazy\" decoding=\"async\" width=\"300\" height=\"200\" src=\"https:\/\/www.ferro-metal-11.fr\/wp-content\/uploads\/2026\/01\/Raccord-inox-3-300x200.jpg\" class=\"attachment-medium size-medium wp-image-1659\" alt=\"\" srcset=\"https:\/\/www.ferro-metal-11.fr\/wp-content\/uploads\/2026\/01\/Raccord-inox-3-300x200.jpg 300w, https:\/\/www.ferro-metal-11.fr\/wp-content\/uploads\/2026\/01\/Raccord-inox-3-1024x683.jpg 1024w, https:\/\/www.ferro-metal-11.fr\/wp-content\/uploads\/2026\/01\/Raccord-inox-3-768x512.jpg 768w, https:\/\/www.ferro-metal-11.fr\/wp-content\/uploads\/2026\/01\/Raccord-inox-3-1140x760.jpg 1140w, https:\/\/www.ferro-metal-11.fr\/wp-content\/uploads\/2026\/01\/Raccord-inox-3.jpg 1200w\" sizes=\"(max-width: 300px) 100vw, 300px\" \/>\t\t\t\t\t\t\t\t<\/a>\n\t\t\t\t\t\t\t\t\t\t\t<figcaption class=\"widget-image-caption wp-caption-text\">Inox<\/figcaption>\n\t\t\t\t\t\t\t\t\t\t<\/figure>\n\t\t\t\t\t\t\t\t\t<\/div>\n\t\t\t\t<div class=\"elementor-element elementor-element-e4d29ac elementor-widget elementor-widget-image\" data-id=\"e4d29ac\" data-element_type=\"widget\" data-widget_type=\"image.default\">\n\t\t\t\t\t\t\t\t\t\t\t\t<figure class=\"wp-caption\">\n\t\t\t\t\t\t\t\t\t\t\t<a href=\"https:\/\/www.ferro-metal-11.fr\/index.php\/garde-corps\/\">\n\t\t\t\t\t\t\t<img loading=\"lazy\" decoding=\"async\" width=\"300\" height=\"200\" src=\"https:\/\/www.ferro-metal-11.fr\/wp-content\/uploads\/2026\/01\/Garde-corps-barreaudes-5-300x200.jpg\" class=\"attachment-medium size-medium wp-image-1531\" alt=\"Garde corps barreaud\u00e9s 5\" srcset=\"https:\/\/www.ferro-metal-11.fr\/wp-content\/uploads\/2026\/01\/Garde-corps-barreaudes-5-300x200.jpg 300w, https:\/\/www.ferro-metal-11.fr\/wp-content\/uploads\/2026\/01\/Garde-corps-barreaudes-5-1024x683.jpg 1024w, https:\/\/www.ferro-metal-11.fr\/wp-content\/uploads\/2026\/01\/Garde-corps-barreaudes-5-768x512.jpg 768w, https:\/\/www.ferro-metal-11.fr\/wp-content\/uploads\/2026\/01\/Garde-corps-barreaudes-5-1140x760.jpg 1140w, https:\/\/www.ferro-metal-11.fr\/wp-content\/uploads\/2026\/01\/Garde-corps-barreaudes-5.jpg 1200w\" sizes=\"(max-width: 300px) 100vw, 300px\" \/>\t\t\t\t\t\t\t\t<\/a>\n\t\t\t\t\t\t\t\t\t\t\t<figcaption class=\"widget-image-caption wp-caption-text\">Garde-corps<\/figcaption>\n\t\t\t\t\t\t\t\t\t\t<\/figure>\n\t\t\t\t\t\t\t\t\t<\/div>\n\t\t\t\t\t<\/div>\n\t\t\t\t<\/div>\n\t\t\t\t<\/div>\n\t\t","protected":false},"excerpt":{"rendered":"<p>Escaliers Grilles et appuis de fen\u00eatres Pergolas Portes &amp; Verri\u00e8res Mobilier Portails &amp; Portillons Structures m\u00e9talliques Inox Garde-corps<\/p>\n","protected":false},"author":1,"featured_media":0,"parent":9,"menu_order":0,"comment_status":"closed","ping_status":"closed","template":"","meta":{"footnotes":""},"class_list":["post-1400","page","type-page","status-publish","hentry"],"_links":{"self":[{"href":"https:\/\/www.ferro-metal-11.fr\/index.php\/wp-json\/wp\/v2\/pages\/1400","targetHints":{"allow":["GET"]}}],"collection":[{"href":"https:\/\/www.ferro-metal-11.fr\/index.php\/wp-json\/wp\/v2\/pages"}],"about":[{"href":"https:\/\/www.ferro-metal-11.fr\/index.php\/wp-json\/wp\/v2\/types\/page"}],"author":[{"embeddable":true,"href":"https:\/\/www.ferro-metal-11.fr\/index.php\/wp-json\/wp\/v2\/users\/1"}],"replies":[{"embeddable":true,"href":"https:\/\/www.ferro-metal-11.fr\/index.php\/wp-json\/wp\/v2\/comments?post=1400"}],"version-history":[{"count":13,"href":"https:\/\/www.ferro-metal-11.fr\/index.php\/wp-json\/wp\/v2\/pages\/1400\/revisions"}],"predecessor-version":[{"id":1699,"href":"https:\/\/www.ferro-metal-11.fr\/index.php\/wp-json\/wp\/v2\/pages\/1400\/revisions\/1699"}],"up":[{"embeddable":true,"href":"https:\/\/www.ferro-metal-11.fr\/index.php\/wp-json\/wp\/v2\/pages\/9"}],"wp:attachment":[{"href":"https:\/\/www.ferro-metal-11.fr\/index.php\/wp-json\/wp\/v2\/media?parent=1400"}],"curies":[{"name":"wp","href":"https:\/\/api.w.org\/{rel}","templated":true}]}}